{"id":43333,"date":"2026-04-06T15:25:30","date_gmt":"2026-04-06T15:25:30","guid":{"rendered":"http:\/\/hebrewusedbooks.com\/books\/?post_type=product&#038;p=43333"},"modified":"2026-04-07T18:02:49","modified_gmt":"2026-04-07T18:02:49","slug":"mon-tanya-a-moi","status":"publish","type":"product","link":"http:\/\/hebrewusedbooks.com\/books\/product\/mon-tanya-a-moi\/","title":{"rendered":"Mon Tanya \u00e0 Moi"},"content":{"rendered":"<p>Very Good. Free Shipping<br \/>\nJe suis le Tanya . Sur mes pages, l\u2019Admour Hazak\u00e8ne<br \/>\na \u00e9crit toutes les id\u00e9es merveilleuses de la Hassidout de fa\u00e7on que chacun puisse les comprendre\u2026.<br \/>\nQu\u2019y a-t-il de particulier dans le peuple juif ?<br \/>\nPourquoi accomplissons-nous la Torah et les Mitsvot ?<\/p>\n","protected":false},"excerpt":{"rendered":"<p>Very Good. Free Shipping<\/p>\n","protected":false},"featured_media":43340,"comment_status":"closed","ping_status":"closed","template":"","meta":[],"product_brand":[],"product_cat":[1906,1019,1046],"product_tag":[2008,1695,2275,1764,2007],"class_list":{"0":"post-43333","1":"product","2":"type-product","3":"status-publish","4":"has-post-thumbnail","6":"product_cat-alter-rebe","7":"product_cat-chabad","8":"product_cat-children","9":"product_tag-alter-rebbe","10":"product_tag-chabad","11":"product_tag-children","12":"product_tag-french","13":"product_tag-tanya","15":"first","16":"instock","17":"shipping-taxable","18":"purchasable","19":"product-type-simple"},"_links":{"self":[{"href":"http:\/\/hebrewusedbooks.com\/books\/wp-json\/wp\/v2\/product\/43333","targetHints":{"allow":["GET"]}}],"collection":[{"href":"http:\/\/hebrewusedbooks.com\/books\/wp-json\/wp\/v2\/product"}],"about":[{"href":"http:\/\/hebrewusedbooks.com\/books\/wp-json\/wp\/v2\/types\/product"}],"replies":[{"embeddable":true,"href":"http:\/\/hebrewusedbooks.com\/books\/wp-json\/wp\/v2\/comments?post=43333"}],"wp:featuredmedia":[{"embeddable":true,"href":"http:\/\/hebrewusedbooks.com\/books\/wp-json\/wp\/v2\/media\/43340"}],"wp:attachment":[{"href":"http:\/\/hebrewusedbooks.com\/books\/wp-json\/wp\/v2\/media?parent=43333"}],"wp:term":[{"taxonomy":"product_brand","embeddable":true,"href":"http:\/\/hebrewusedbooks.com\/books\/wp-json\/wp\/v2\/product_brand?post=43333"},{"taxonomy":"product_cat","embeddable":true,"href":"http:\/\/hebrewusedbooks.com\/books\/wp-json\/wp\/v2\/product_cat?post=43333"},{"taxonomy":"product_tag","embeddable":true,"href":"http:\/\/hebrewusedbooks.com\/books\/wp-json\/wp\/v2\/product_tag?post=43333"}],"curies":[{"name":"wp","href":"https:\/\/api.w.org\/{rel}","templated":true}]}}