{"id":44728,"date":"2024-04-20T15:56:18","date_gmt":"2024-04-20T15:56:18","guid":{"rendered":"https:\/\/hebrewusedbooks.com\/books\/?post_type=product&#038;p=44728"},"modified":"2024-11-01T17:03:17","modified_gmt":"2024-11-01T17:03:17","slug":"sidur-tefillat-masliah-rabino-meir-matzliah-melamed-cubano-%d7%a1%d7%93%d7%95%d7%a8-%d7%aa%d7%a4%d7%9c%d7%aa-%d7%9e%d7%a6%d7%9c%d7%99%d7%97","status":"publish","type":"product","link":"http:\/\/hebrewusedbooks.com\/books\/product\/sidur-tefillat-masliah-rabino-meir-matzliah-melamed-cubano-%d7%a1%d7%93%d7%95%d7%a8-%d7%aa%d7%a4%d7%9c%d7%aa-%d7%9e%d7%a6%d7%9c%d7%99%d7%97\/","title":{"rendered":"Sidur Tefillat Masliah, \u05e1\u05d3\u05d5\u05e8 \u05ea\u05e4\u05dc\u05ea \u05de\u05e6\u05dc\u05d9\u05d7"},"content":{"rendered":"<p>Free Shipping<br \/>\nVery Good Miami Beach, 1974 1a Edicion, 1100 ejemplares<br \/>\nSidur Tefillat Masliah : Livro de ora\u00e7\u0151es \/ com tradu\u00e7\u00e3o, explica\u00e7\u0151es e coment\u00e1rios pelo Rabino Meir Matzliah Melamed<br \/>\nCubano<br \/>\n\u05e1\u05d3\u05d5\u05e8 \u05ea\u05e4\u05dc\u05ea \u05de\u05e6\u05dc\u05d9\u05d7 : \u05de\u05e0\u05d4\u05d2 \u05e1\u05e4\u05e8\u05d3 \/ \u05de\u05ea\u05d5\u05e8\u05d2\u05dd \u05d5\u05de\u05e4\u05d5\u05e8\u05e9 \u05d1\u05e9\u05e4\u05ea \u05d4\u05de\u05d3\u05d9\u05e0\u05d4 \u05e2&#8221;\u05d9 \u05d4\u05e8\u05d1 \u05d4\u05e6\u05e2\u05d9\u05e8 \u05de\u05d0\u05d9\u05e8 \u05de\u05e6\u05dc\u05d9\u05d7 \u05de\u05dc\u05de\u05d3.<\/p>\n","protected":false},"excerpt":{"rendered":"<p>Free Shipping<br \/>\nVery Good HC<br \/>\nMiami Beach, 1974 1a Edicion, 1100 ejemplares<\/p>\n","protected":false},"featured_media":44742,"comment_status":"open","ping_status":"closed","template":"","meta":[],"product_brand":[],"product_cat":[1234],"product_tag":[5332,5331,2154,1793,2421,3523],"class_list":{"0":"post-44728","1":"product","2":"type-product","3":"status-publish","4":"has-post-thumbnail","6":"product_cat-siddur_mahzor","7":"product_tag-cuban","8":"product_tag-rabino","9":"product_tag-sefard","10":"product_tag-siddur","11":"product_tag-sidur","12":"product_tag-spanish","14":"first","15":"outofstock","16":"virtual","17":"product-type-simple"},"_links":{"self":[{"href":"http:\/\/hebrewusedbooks.com\/books\/wp-json\/wp\/v2\/product\/44728","targetHints":{"allow":["GET"]}}],"collection":[{"href":"http:\/\/hebrewusedbooks.com\/books\/wp-json\/wp\/v2\/product"}],"about":[{"href":"http:\/\/hebrewusedbooks.com\/books\/wp-json\/wp\/v2\/types\/product"}],"replies":[{"embeddable":true,"href":"http:\/\/hebrewusedbooks.com\/books\/wp-json\/wp\/v2\/comments?post=44728"}],"wp:featuredmedia":[{"embeddable":true,"href":"http:\/\/hebrewusedbooks.com\/books\/wp-json\/wp\/v2\/media\/44742"}],"wp:attachment":[{"href":"http:\/\/hebrewusedbooks.com\/books\/wp-json\/wp\/v2\/media?parent=44728"}],"wp:term":[{"taxonomy":"product_brand","embeddable":true,"href":"http:\/\/hebrewusedbooks.com\/books\/wp-json\/wp\/v2\/product_brand?post=44728"},{"taxonomy":"product_cat","embeddable":true,"href":"http:\/\/hebrewusedbooks.com\/books\/wp-json\/wp\/v2\/product_cat?post=44728"},{"taxonomy":"product_tag","embeddable":true,"href":"http:\/\/hebrewusedbooks.com\/books\/wp-json\/wp\/v2\/product_tag?post=44728"}],"curies":[{"name":"wp","href":"https:\/\/api.w.org\/{rel}","templated":true}]}}