{"id":44944,"date":"2024-11-09T21:54:41","date_gmt":"2024-11-09T21:54:41","guid":{"rendered":"https:\/\/hebrewusedbooks.com\/books\/?post_type=product&#038;p=44944"},"modified":"2025-11-12T14:27:47","modified_gmt":"2025-11-12T14:27:47","slug":"foucault-de-lenguaje-y-literatura","status":"publish","type":"product","link":"http:\/\/hebrewusedbooks.com\/books\/product\/foucault-de-lenguaje-y-literatura\/","title":{"rendered":"Foucault. De Lenguaje y Literatura"},"content":{"rendered":"<p>Free Shipping Good PB<br \/>\nMichel Foucault De Lenguaje y Literatura. \u00c1ngel Gabilondo Spanish Paidos 1996<br \/>\nDe lenguaje y literatura: Introducci\u00f3n de \u00c1ngel Gabilondo (Pensamiento Contemporaneo\/ Contemporary Thought) (Spanish Edition) Paperback 1996<\/p>\n<div>Spanish Edition by Michel Foucault<br \/>\nLa necesidad de replantear la vigente separaci\u00f3n de la literatura, la cr\u00edtica y la filosof\u00eda se acompa\u00f1a de la posibilidad de reconsiderarlas como lugares privilegiados y esenciales, la del lenguaje. Se incluyen escritos de Bataille, Klossowski, Verne, Rousel o Blanchot. A su vez, se ofrece la intervenci\u00f3n titulada &#8220;Lenguaje y literatura&#8221;, decisiva para la consideraci\u00f3n de la tarea del pensar. El libro, por tanto, reclama la experiencia de la lectura y la de una determinada reescritura en la que juega uno mismo en el juego de las palabras. La introducci\u00f3n corre a cargo de \u00c1ngel Gabilondo, profesor de Metaf\u00edsica y de Pensamiento Franc\u00e9s Contempor\u00e1neo en la Universidad Aut\u00f3noma de Madrid y que ha publicado, entre otros trabajos, El discurso en acci\u00f3n. Foucault y una ontolog\u00eda del presente.<\/div>\n<p><!--more--><\/p>\n","protected":false},"excerpt":{"rendered":"<p>Free Shipping Good PB<br \/>\nMichel Foucault De Lenguaje y Literatura. \u00c1ngel Gabilondo Spanish Paidos 1996<\/p>\n","protected":false},"featured_media":44953,"comment_status":"open","ping_status":"closed","template":"","meta":[],"product_brand":[],"product_cat":[1882,3649],"product_tag":[2628,5342,2536,2458,3954],"class_list":{"0":"post-44944","1":"product","2":"type-product","3":"status-publish","4":"has-post-thumbnail","6":"product_cat-academia","7":"product_cat-language-academia","8":"product_tag-academia","9":"product_tag-foucault","10":"product_tag-language","11":"product_tag-philosophy","12":"product_tag-spain","14":"first","15":"outofstock","16":"virtual","17":"product-type-simple"},"_links":{"self":[{"href":"http:\/\/hebrewusedbooks.com\/books\/wp-json\/wp\/v2\/product\/44944","targetHints":{"allow":["GET"]}}],"collection":[{"href":"http:\/\/hebrewusedbooks.com\/books\/wp-json\/wp\/v2\/product"}],"about":[{"href":"http:\/\/hebrewusedbooks.com\/books\/wp-json\/wp\/v2\/types\/product"}],"replies":[{"embeddable":true,"href":"http:\/\/hebrewusedbooks.com\/books\/wp-json\/wp\/v2\/comments?post=44944"}],"wp:featuredmedia":[{"embeddable":true,"href":"http:\/\/hebrewusedbooks.com\/books\/wp-json\/wp\/v2\/media\/44953"}],"wp:attachment":[{"href":"http:\/\/hebrewusedbooks.com\/books\/wp-json\/wp\/v2\/media?parent=44944"}],"wp:term":[{"taxonomy":"product_brand","embeddable":true,"href":"http:\/\/hebrewusedbooks.com\/books\/wp-json\/wp\/v2\/product_brand?post=44944"},{"taxonomy":"product_cat","embeddable":true,"href":"http:\/\/hebrewusedbooks.com\/books\/wp-json\/wp\/v2\/product_cat?post=44944"},{"taxonomy":"product_tag","embeddable":true,"href":"http:\/\/hebrewusedbooks.com\/books\/wp-json\/wp\/v2\/product_tag?post=44944"}],"curies":[{"name":"wp","href":"https:\/\/api.w.org\/{rel}","templated":true}]}}