{"id":46770,"date":"2026-03-26T02:18:52","date_gmt":"2026-03-26T02:18:52","guid":{"rendered":"https:\/\/hebrewusedbooks.com\/books\/?post_type=product&#038;p=46770"},"modified":"2026-04-23T00:36:44","modified_gmt":"2026-04-23T00:36:44","slug":"lexique-patois-francais","status":"publish","type":"product","link":"http:\/\/hebrewusedbooks.com\/books\/product\/lexique-patois-francais\/","title":{"rendered":"Lexique Patois-Fran\u00e7ais"},"content":{"rendered":"<p>Hardcover Very Good Free Shipping and Returns<br \/>\nLexique Patois-Fran\u00e7ais du parler de Vaux-en-Bugey AIN Ant. Duraffour 1919- 1941<br \/>\nA Grenoble Chez L&#8217;Auteur, Institut de Phonetique<br \/>\nSujet(s) : Francoproven\u00e7al (langue) &#8212; Bugey (Ain, France) &#8212; Glossaires et lexiques fran\u00e7ais Voir les notices li\u00e9es en tant que sujet<br \/>\nIndice(s) Dewey : 447.944 583 (23e \u00e9d.) = Langue fran\u00e7aise &#8211; Variantes et variations r\u00e9gionales &#8211; France &#8211; Ain<\/p>\n","protected":false},"excerpt":{"rendered":"<p>Lexique Patois-Fran\u00e7ais du parler de Vaux-en-Bugey AIN Ant. Duraffour 1919- 1941<br \/>\nA Grenoble Chez L&#8217;Auteur, Institut de Phonetique<br \/>\nVery Good Free Shipping and Returns<\/p>\n","protected":false},"featured_media":46784,"comment_status":"open","ping_status":"closed","template":"","meta":[],"product_brand":[],"product_cat":[1882,1366,2796,3649],"product_tag":[2628,1502,1764,5425],"class_list":{"0":"post-46770","1":"product","2":"type-product","3":"status-publish","4":"has-post-thumbnail","6":"product_cat-academia","7":"product_cat-dictionary","8":"product_cat-french-dictionary","9":"product_cat-language-academia","10":"product_tag-academia","11":"product_tag-dictionary","12":"product_tag-french","13":"product_tag-phonetque","15":"first","16":"instock","17":"virtual","18":"purchasable","19":"product-type-simple"},"_links":{"self":[{"href":"http:\/\/hebrewusedbooks.com\/books\/wp-json\/wp\/v2\/product\/46770","targetHints":{"allow":["GET"]}}],"collection":[{"href":"http:\/\/hebrewusedbooks.com\/books\/wp-json\/wp\/v2\/product"}],"about":[{"href":"http:\/\/hebrewusedbooks.com\/books\/wp-json\/wp\/v2\/types\/product"}],"replies":[{"embeddable":true,"href":"http:\/\/hebrewusedbooks.com\/books\/wp-json\/wp\/v2\/comments?post=46770"}],"wp:featuredmedia":[{"embeddable":true,"href":"http:\/\/hebrewusedbooks.com\/books\/wp-json\/wp\/v2\/media\/46784"}],"wp:attachment":[{"href":"http:\/\/hebrewusedbooks.com\/books\/wp-json\/wp\/v2\/media?parent=46770"}],"wp:term":[{"taxonomy":"product_brand","embeddable":true,"href":"http:\/\/hebrewusedbooks.com\/books\/wp-json\/wp\/v2\/product_brand?post=46770"},{"taxonomy":"product_cat","embeddable":true,"href":"http:\/\/hebrewusedbooks.com\/books\/wp-json\/wp\/v2\/product_cat?post=46770"},{"taxonomy":"product_tag","embeddable":true,"href":"http:\/\/hebrewusedbooks.com\/books\/wp-json\/wp\/v2\/product_tag?post=46770"}],"curies":[{"name":"wp","href":"https:\/\/api.w.org\/{rel}","templated":true}]}}