{"id":47880,"date":"2026-02-28T20:11:19","date_gmt":"2026-02-28T20:11:19","guid":{"rendered":"https:\/\/hebrewusedbooks.com\/books\/?post_type=product&#038;p=47880"},"modified":"2026-03-29T22:28:04","modified_gmt":"2026-03-29T22:28:04","slug":"dr-joseph-breuer-das-buch-jecheskel","status":"publish","type":"product","link":"http:\/\/hebrewusedbooks.com\/books\/product\/dr-joseph-breuer-das-buch-jecheskel\/","title":{"rendered":"Dr. Joseph Breuer Das Buch Jecheskel"},"content":{"rendered":"<p>Free Shippig<br \/>\nDr. Joseph Breuer Das Buch Jecheskel. The Book of Yechezkel. German<br \/>\n\u00fcbersetzt und erl\u00e4utert von Dr. Joseph Breuer<br \/>\n\u05e1\u05e4\u05e8 \u05d9\u05d7\u05d6\u05e7\u05d0\u05dc \/ \u00fcbersetzt und erl\u00e4utert von Dr. Joseph Breuer.Text hebr\u00e4isch, in hebr\u00e4ischer Schrift, mit deutscher \u00dcbersetzung und Kommentar<br \/>\nLanguage German ; Hebrew Frankfurt a.M. : S\u00e4nger &#038; Friedberg, 1921<\/p>\n","protected":false},"excerpt":{"rendered":"<p>Free Shippig<br \/>\nDr. Joseph Breuer Das Buch Jecheskel. The Book of Yechezkel. German<br \/>\n\u00fcbersetzt und erl\u00e4utert von Dr. Joseph Breuer<\/p>\n","protected":false},"featured_media":47893,"comment_status":"open","ping_status":"closed","template":"","meta":[],"product_brand":[],"product_cat":[1882,2022,2112,1907,1033,1135,1264,2351],"product_tag":[4941,2530,2113,2115,2352],"class_list":{"0":"post-47880","1":"product","2":"type-product","3":"status-publish","4":"has-post-thumbnail","6":"product_cat-academia","7":"product_cat-biblical-studies","8":"product_cat-german","9":"product_cat-germany","10":"product_cat-hebrew","11":"product_cat-jewish-history","12":"product_cat-nach","13":"product_cat-yechezkel-ezekiel","14":"product_tag-breuer","15":"product_tag-frankfurt","16":"product_tag-german","17":"product_tag-german-judaica","18":"product_tag-yechezkel","20":"first","21":"instock","22":"virtual","23":"purchasable","24":"product-type-simple"},"_links":{"self":[{"href":"http:\/\/hebrewusedbooks.com\/books\/wp-json\/wp\/v2\/product\/47880","targetHints":{"allow":["GET"]}}],"collection":[{"href":"http:\/\/hebrewusedbooks.com\/books\/wp-json\/wp\/v2\/product"}],"about":[{"href":"http:\/\/hebrewusedbooks.com\/books\/wp-json\/wp\/v2\/types\/product"}],"replies":[{"embeddable":true,"href":"http:\/\/hebrewusedbooks.com\/books\/wp-json\/wp\/v2\/comments?post=47880"}],"wp:featuredmedia":[{"embeddable":true,"href":"http:\/\/hebrewusedbooks.com\/books\/wp-json\/wp\/v2\/media\/47893"}],"wp:attachment":[{"href":"http:\/\/hebrewusedbooks.com\/books\/wp-json\/wp\/v2\/media?parent=47880"}],"wp:term":[{"taxonomy":"product_brand","embeddable":true,"href":"http:\/\/hebrewusedbooks.com\/books\/wp-json\/wp\/v2\/product_brand?post=47880"},{"taxonomy":"product_cat","embeddable":true,"href":"http:\/\/hebrewusedbooks.com\/books\/wp-json\/wp\/v2\/product_cat?post=47880"},{"taxonomy":"product_tag","embeddable":true,"href":"http:\/\/hebrewusedbooks.com\/books\/wp-json\/wp\/v2\/product_tag?post=47880"}],"curies":[{"name":"wp","href":"https:\/\/api.w.org\/{rel}","templated":true}]}}