{"id":8729,"date":"2026-04-11T22:39:04","date_gmt":"2026-04-11T22:39:04","guid":{"rendered":"http:\/\/hebrewusedbooks.com\/books\/?post_type=product&#038;p=8729"},"modified":"2026-04-12T19:50:49","modified_gmt":"2026-04-12T19:50:49","slug":"noam-megadim-ukavod-hatorah-eliezer-horowitz-bardejov-slovakia-1926-%d7%a0%d7%95%d7%a2%d7%9d-%d7%9e%d7%92%d7%93%d7%99%d7%9d-%d7%91%d7%a8%d7%93%d7%99%d7%95%d7%91-%d7%aa%d7%a8%d7%a4%d7%95","status":"publish","type":"product","link":"http:\/\/hebrewusedbooks.com\/books\/product\/noam-megadim-ukavod-hatorah-eliezer-horowitz-bardejov-slovakia-1926-%d7%a0%d7%95%d7%a2%d7%9d-%d7%9e%d7%92%d7%93%d7%99%d7%9d-%d7%91%d7%a8%d7%93%d7%99%d7%95%d7%91-%d7%aa%d7%a8%d7%a4%d7%95\/","title":{"rendered":"\u05e0\u05d5\u05e2\u05dd \u05de\u05d2\u05d3\u05d9\u05dd \u05d1\u05e8\u05d3\u05d9\u05d5\u05d1. Noam Megadim Bardejov 1926"},"content":{"rendered":"<p> Free Shipping and Returns<br \/>\n\u05e0\u05d5\u05e2\u05dd \u05de\u05d2\u05d3\u05d9\u05dd \u05d1\u05e8\u05d3\u05d9\u05d5\u05d1 \u05ea\u05e8\u05e4&#8221;\u05d5<br \/>\nNoam Megadim Ukavod Hatorah Rabbi Eliezer Horowitz, Tarnigrad<br \/>\nBardejov Slovakia 1926<br \/>\nThe Jewish Heritage Of Bardejov, Slovakia<br \/>\nNoam Megadim and Kavod HaTorah, by R. Eliezer HaLevi Horowitz, Rabbi of Tarnogr\u00f3d, [disciple of R. Yechiel Michel of Z\u0142oczew and of R. Elimelech of Le\u017cajsk (Lizhensk), disciple of the Chozeh of Lublin and of the Magid of Kozienice]\nDedication of the Holy Rabbi Yechiel Nathan Halberstam Of Dukla And Bardejov<br \/>\n<a href=\"https:\/\/bardejov.org\/\">The Jewish Heritage Of Bardejov, Slovakia<\/a><\/p>\n<h2 class=\"elementor-heading-title elementor-size-xl\"><\/h2>\n","protected":false},"excerpt":{"rendered":"<p> Free Shipping and Returns<br \/>\n\u05e0\u05d5\u05e2\u05dd \u05de\u05d2\u05d3\u05d9\u05dd \u05d1\u05e8\u05d3\u05d9\u05d5\u05d1 \u05ea\u05e8\u05e4&#8221;\u05d5<br \/>\nNoam Megadim Ukavod Hatorah Rabbi Eliezer Horowitz, Tarnigrad<br \/>\nBardejov Slovakia 1926<\/p>\n","protected":false},"featured_media":8735,"comment_status":"closed","ping_status":"closed","template":"","meta":[],"product_brand":[],"product_cat":[1012,1033,1135,1107,1765],"product_tag":[2368,1448,2365,1747,2367,2366],"class_list":{"0":"post-8729","1":"product","2":"type-product","3":"status-publish","4":"has-post-thumbnail","6":"product_cat-chassidism","7":"product_cat-hebrew","8":"product_cat-jewish-history","9":"product_cat-torah-commentary","10":"product_cat-1765","11":"product_tag-bardejov-slovakia","12":"product_tag-hebrew","13":"product_tag-noam-megadim","14":"product_tag-torah-commentary","15":"product_tag-2367","16":"product_tag-2366","18":"first","19":"instock","20":"virtual","21":"purchasable","22":"product-type-simple"},"_links":{"self":[{"href":"http:\/\/hebrewusedbooks.com\/books\/wp-json\/wp\/v2\/product\/8729","targetHints":{"allow":["GET"]}}],"collection":[{"href":"http:\/\/hebrewusedbooks.com\/books\/wp-json\/wp\/v2\/product"}],"about":[{"href":"http:\/\/hebrewusedbooks.com\/books\/wp-json\/wp\/v2\/types\/product"}],"replies":[{"embeddable":true,"href":"http:\/\/hebrewusedbooks.com\/books\/wp-json\/wp\/v2\/comments?post=8729"}],"wp:featuredmedia":[{"embeddable":true,"href":"http:\/\/hebrewusedbooks.com\/books\/wp-json\/wp\/v2\/media\/8735"}],"wp:attachment":[{"href":"http:\/\/hebrewusedbooks.com\/books\/wp-json\/wp\/v2\/media?parent=8729"}],"wp:term":[{"taxonomy":"product_brand","embeddable":true,"href":"http:\/\/hebrewusedbooks.com\/books\/wp-json\/wp\/v2\/product_brand?post=8729"},{"taxonomy":"product_cat","embeddable":true,"href":"http:\/\/hebrewusedbooks.com\/books\/wp-json\/wp\/v2\/product_cat?post=8729"},{"taxonomy":"product_tag","embeddable":true,"href":"http:\/\/hebrewusedbooks.com\/books\/wp-json\/wp\/v2\/product_tag?post=8729"}],"curies":[{"name":"wp","href":"https:\/\/api.w.org\/{rel}","templated":true}]}}